{"id":1971,"date":"2024-05-29T11:03:05","date_gmt":"2024-05-29T08:03:05","guid":{"rendered":"https:\/\/bridges.projectlibrary.eu\/resultados-del-proyecto\/"},"modified":"2025-05-02T10:02:10","modified_gmt":"2025-05-02T07:02:10","slug":"resultados-del-proyecto","status":"publish","type":"page","link":"https:\/\/bridges.projectlibrary.eu\/es\/resultados-del-proyecto\/","title":{"rendered":"Resultados del Proyecto"},"content":{"rendered":"\t\t<div data-elementor-type=\"wp-page\" data-elementor-id=\"1971\" class=\"elementor elementor-1971 elementor-971\">\n\t\t\t\t<div class=\"elementor-element elementor-element-69c0ad2 e-flex e-con-boxed e-con e-parent\" data-id=\"69c0ad2\" data-element_type=\"container\" data-e-type=\"container\" data-settings=\"{&quot;background_background&quot;:&quot;classic&quot;}\">\n\t\t\t\t\t<div class=\"e-con-inner\">\n\t\t\t\t<div class=\"elementor-element elementor-element-ef39b57 elementor-widget elementor-widget-heading\" data-id=\"ef39b57\" data-element_type=\"widget\" data-e-type=\"widget\" data-widget_type=\"heading.default\">\n\t\t\t\t<div class=\"elementor-widget-container\">\n\t\t\t\t\t<h2 class=\"elementor-heading-title elementor-size-default\">Resultados del Proyecto<\/h2>\t\t\t\t<\/div>\n\t\t\t\t<\/div>\n\t\t\t\t\t<\/div>\n\t\t\t\t<\/div>\n\t\t<div class=\"elementor-element elementor-element-0aea745 e-flex e-con-boxed e-con e-parent\" data-id=\"0aea745\" data-element_type=\"container\" data-e-type=\"container\" data-settings=\"{&quot;shape_divider_bottom&quot;:&quot;tilt&quot;}\">\n\t\t\t\t\t<div class=\"e-con-inner\">\n\t\t\t\t<div class=\"elementor-shape elementor-shape-bottom\" aria-hidden=\"true\" data-negative=\"false\">\n\t\t\t<svg xmlns=\"http:\/\/www.w3.org\/2000\/svg\" viewBox=\"0 0 1000 100\" preserveAspectRatio=\"none\">\n\t<path class=\"elementor-shape-fill\" d=\"M0,6V0h1000v100L0,6z\"\/>\n<\/svg>\t\t<\/div>\n\t\t<div class=\"elementor-element elementor-element-b021512 e-con-full e-flex e-con e-child\" data-id=\"b021512\" data-element_type=\"container\" data-e-type=\"container\">\n\t\t\t\t<div class=\"elementor-element elementor-element-92f3f59 elementor-widget elementor-widget-text-editor\" data-id=\"92f3f59\" data-element_type=\"widget\" data-e-type=\"widget\" data-widget_type=\"text-editor.default\">\n\t\t\t\t<div class=\"elementor-widget-container\">\n\t\t\t\t\t\t\t\t\t<p><span lang=\"EN-US\">Los principales resultados esperados del proyecto BRIDGES son mejorar la empleabilidad de los j\u00f3venes en el sector tur\u00edstico mediante la implementaci\u00f3n de programas de preaprendizaje adaptados a las demandas de la industria. A trav\u00e9s de la participaci\u00f3n de empleadores, la capacitaci\u00f3n de educadores y la colaboraci\u00f3n entre proveedores de EFP y el mercado laboral, BRIDGES busca cerrar la brecha entre la educaci\u00f3n y el empleo, asegurando que los estudiantes est\u00e9n preparados para el trabajo y cuenten con las habilidades pr\u00e1cticas necesarias para tener \u00e9xito en un mercado competitivo.<\/span><\/p>\t\t\t\t\t\t\t\t<\/div>\n\t\t\t\t<\/div>\n\t\t\t\t<\/div>\n\t\t\t\t\t<\/div>\n\t\t\t\t<\/div>\n\t\t<div class=\"elementor-element elementor-element-3924f8e e-grid e-con-full e-con e-parent\" data-id=\"3924f8e\" data-element_type=\"container\" data-e-type=\"container\" data-settings=\"{&quot;background_background&quot;:&quot;classic&quot;,&quot;shape_divider_bottom&quot;:&quot;tilt&quot;}\">\n\t\t\t\t<div class=\"elementor-shape elementor-shape-bottom\" aria-hidden=\"true\" data-negative=\"false\">\n\t\t\t<svg xmlns=\"http:\/\/www.w3.org\/2000\/svg\" viewBox=\"0 0 1000 100\" preserveAspectRatio=\"none\">\n\t<path class=\"elementor-shape-fill\" d=\"M0,6V0h1000v100L0,6z\"\/>\n<\/svg>\t\t<\/div>\n\t\t<div class=\"elementor-element elementor-element-929c33d e-con-full e-transform e-flex e-con e-child\" data-id=\"929c33d\" data-element_type=\"container\" data-e-type=\"container\" data-settings=\"{&quot;background_background&quot;:&quot;classic&quot;,&quot;_transform_scale_effect_hover&quot;:{&quot;unit&quot;:&quot;px&quot;,&quot;size&quot;:&quot;&quot;,&quot;sizes&quot;:[]},&quot;_transform_scale_effect_hover_tablet&quot;:{&quot;unit&quot;:&quot;px&quot;,&quot;size&quot;:&quot;&quot;,&quot;sizes&quot;:[]},&quot;_transform_scale_effect_hover_mobile&quot;:{&quot;unit&quot;:&quot;px&quot;,&quot;size&quot;:&quot;&quot;,&quot;sizes&quot;:[]}}\">\n\t\t\t\t<div class=\"elementor-element elementor-element-d0b3d0c elementor-widget__width-initial project_results_text elementor-widget elementor-widget-text-editor\" data-id=\"d0b3d0c\" data-element_type=\"widget\" data-e-type=\"widget\" data-widget_type=\"text-editor.default\">\n\t\t\t\t<div class=\"elementor-widget-container\">\n\t\t\t\t\t\t\t\t\t<p style=\"text-align: left;\"> <strong>An\u00e1lisis de las necesidades de la industria<\/strong><br>Llevar a cabo una investigaci\u00f3n para identificar las carencias de cualificaciones en el sector tur\u00edstico y alinear los programas de formaci\u00f3n profesional con los requisitos de la industria.<\/p>\t\t\t\t\t\t\t\t<\/div>\n\t\t\t\t<\/div>\n\t\t\t\t<\/div>\n\t\t<div class=\"elementor-element elementor-element-ffdec57 e-con-full e-flex e-con e-child\" data-id=\"ffdec57\" data-element_type=\"container\" data-e-type=\"container\" data-settings=\"{&quot;background_background&quot;:&quot;classic&quot;}\">\n\t\t\t\t<div class=\"elementor-element elementor-element-666ea69 elementor-widget__width-initial project_results_text elementor-widget elementor-widget-text-editor\" data-id=\"666ea69\" data-element_type=\"widget\" data-e-type=\"widget\" data-widget_type=\"text-editor.default\">\n\t\t\t\t<div class=\"elementor-widget-container\">\n\t\t\t\t\t\t\t\t\t<p style=\"text-align: left;\"> <strong>Desarrollo curricular<\/strong><br>Dise\u00f1a un Programa de Preaprendizaje especializado que combine teor\u00eda y formaci\u00f3n pr\u00e1ctica para preparar a los alumnos para la industria tur\u00edstica.\n<\/p>\t\t\t\t\t\t\t\t<\/div>\n\t\t\t\t<\/div>\n\t\t\t\t<\/div>\n\t\t<div class=\"elementor-element elementor-element-9ee9120 e-con-full e-flex e-con e-child\" data-id=\"9ee9120\" data-element_type=\"container\" data-e-type=\"container\" data-settings=\"{&quot;background_background&quot;:&quot;classic&quot;}\">\n\t\t\t\t<div class=\"elementor-element elementor-element-7e980d0 elementor-widget__width-initial project_results_text elementor-widget elementor-widget-text-editor\" data-id=\"7e980d0\" data-element_type=\"widget\" data-e-type=\"widget\" data-widget_type=\"text-editor.default\">\n\t\t\t\t<div class=\"elementor-widget-container\">\n\t\t\t\t\t\t\t\t\t<p style=\"text-align: left;\"> <strong>Formaci\u00f3n para educadores<\/strong><br>Dotar a 50 formadores de las habilidades necesarias para impartir el nuevo plan de estudios, garantizando experiencias de aprendizaje de alta calidad.<\/p>\t\t\t\t\t\t\t\t<\/div>\n\t\t\t\t<\/div>\n\t\t\t\t<\/div>\n\t\t<div class=\"elementor-element elementor-element-78f75f3 e-con-full e-flex e-con e-child\" data-id=\"78f75f3\" data-element_type=\"container\" data-e-type=\"container\" data-settings=\"{&quot;background_background&quot;:&quot;classic&quot;}\">\n\t\t\t\t<div class=\"elementor-element elementor-element-1bd84a3 elementor-widget__width-initial project_results_text elementor-widget elementor-widget-text-editor\" data-id=\"1bd84a3\" data-element_type=\"widget\" data-e-type=\"widget\" data-widget_type=\"text-editor.default\">\n\t\t\t\t<div class=\"elementor-widget-container\">\n\t\t\t\t\t\t\t\t\t<p style=\"text-align: left;\"> <strong>Pruebas piloto y perfeccionamiento<\/strong><br>Poner a prueba los Programas de Preaprendizaje con alumnos y empresarios, recabar opiniones y perfeccionar el plan de estudios para su adopci\u00f3n formal.\n<\/p>\t\t\t\t\t\t\t\t<\/div>\n\t\t\t\t<\/div>\n\t\t\t\t<\/div>\n\t\t\t\t<\/div>\n\t\t\t\t<\/div>\n\t\t","protected":false},"excerpt":{"rendered":"<p>Resultados del Proyecto Los principales resultados esperados del proyecto BRIDGES son mejorar la empleabilidad de los j\u00f3venes en el sector tur\u00edstico mediante la implementaci\u00f3n de programas de preaprendizaje adaptados a las demandas de la industria. A trav\u00e9s de la participaci\u00f3n de empleadores, la capacitaci\u00f3n de educadores y la colaboraci\u00f3n entre proveedores de EFP y el [&hellip;]<\/p>\n","protected":false},"author":1,"featured_media":0,"parent":0,"menu_order":0,"comment_status":"closed","ping_status":"closed","template":"","meta":{"site-sidebar-layout":"no-sidebar","site-content-layout":"page-builder","ast-site-content-layout":"full-width-container","site-content-style":"default","site-sidebar-style":"default","ast-global-header-display":"","ast-banner-title-visibility":"","ast-main-header-display":"","ast-hfb-above-header-display":"","ast-hfb-below-header-display":"","ast-hfb-mobile-header-display":"","site-post-title":"disabled","ast-breadcrumbs-content":"","ast-featured-img":"disabled","footer-sml-layout":"","ast-disable-related-posts":"","theme-transparent-header-meta":"","adv-header-id-meta":"","stick-header-meta":"","header-above-stick-meta":"","header-main-stick-meta":"","header-below-stick-meta":"","astra-migrate-meta-layouts":"default","ast-page-background-enabled":"default","ast-page-background-meta":{"desktop":{"background-color":"","background-image":"","background-repeat":"repeat","background-position":"center center","background-size":"auto","background-attachment":"scroll","background-type":"","background-media":"","overlay-type":"","overlay-color":"","overlay-opacity":"","overlay-gradient":""},"tablet":{"background-color":"","background-image":"","background-repeat":"repeat","background-position":"center center","background-size":"auto","background-attachment":"scroll","background-type":"","background-media":"","overlay-type":"","overlay-color":"","overlay-opacity":"","overlay-gradient":""},"mobile":{"background-color":"","background-image":"","background-repeat":"repeat","background-position":"center center","background-size":"auto","background-attachment":"scroll","background-type":"","background-media":"","overlay-type":"","overlay-color":"","overlay-opacity":"","overlay-gradient":""}},"ast-content-background-meta":{"desktop":{"background-color":"var(--ast-global-color-5)","background-image":"","background-repeat":"repeat","background-position":"center center","background-size":"auto","background-attachment":"scroll","background-type":"","background-media":"","overlay-type":"","overlay-color":"","overlay-opacity":"","overlay-gradient":""},"tablet":{"background-color":"var(--ast-global-color-5)","background-image":"","background-repeat":"repeat","background-position":"center center","background-size":"auto","background-attachment":"scroll","background-type":"","background-media":"","overlay-type":"","overlay-color":"","overlay-opacity":"","overlay-gradient":""},"mobile":{"background-color":"var(--ast-global-color-5)","background-image":"","background-repeat":"repeat","background-position":"center center","background-size":"auto","background-attachment":"scroll","background-type":"","background-media":"","overlay-type":"","overlay-color":"","overlay-opacity":"","overlay-gradient":""}},"footnotes":""},"class_list":["post-1971","page","type-page","status-publish","hentry"],"_links":{"self":[{"href":"https:\/\/bridges.projectlibrary.eu\/es\/wp-json\/wp\/v2\/pages\/1971","targetHints":{"allow":["GET"]}}],"collection":[{"href":"https:\/\/bridges.projectlibrary.eu\/es\/wp-json\/wp\/v2\/pages"}],"about":[{"href":"https:\/\/bridges.projectlibrary.eu\/es\/wp-json\/wp\/v2\/types\/page"}],"author":[{"embeddable":true,"href":"https:\/\/bridges.projectlibrary.eu\/es\/wp-json\/wp\/v2\/users\/1"}],"replies":[{"embeddable":true,"href":"https:\/\/bridges.projectlibrary.eu\/es\/wp-json\/wp\/v2\/comments?post=1971"}],"version-history":[{"count":5,"href":"https:\/\/bridges.projectlibrary.eu\/es\/wp-json\/wp\/v2\/pages\/1971\/revisions"}],"predecessor-version":[{"id":2096,"href":"https:\/\/bridges.projectlibrary.eu\/es\/wp-json\/wp\/v2\/pages\/1971\/revisions\/2096"}],"wp:attachment":[{"href":"https:\/\/bridges.projectlibrary.eu\/es\/wp-json\/wp\/v2\/media?parent=1971"}],"curies":[{"name":"wp","href":"https:\/\/api.w.org\/{rel}","templated":true}]}}