{"id":2000,"date":"2024-05-29T09:47:52","date_gmt":"2024-05-29T06:47:52","guid":{"rendered":"https:\/\/bridges.projectlibrary.eu\/el-proyecto\/"},"modified":"2025-04-17T09:51:07","modified_gmt":"2025-04-17T06:51:07","slug":"el-proyecto","status":"publish","type":"page","link":"https:\/\/bridges.projectlibrary.eu\/es\/el-proyecto\/","title":{"rendered":"El proyecto"},"content":{"rendered":"\t\t<div data-elementor-type=\"wp-page\" data-elementor-id=\"2000\" class=\"elementor elementor-2000 elementor-927\">\n\t\t\t\t<div class=\"elementor-element elementor-element-82bbb86 e-flex e-con-boxed e-con e-parent\" data-id=\"82bbb86\" data-element_type=\"container\" data-e-type=\"container\">\n\t\t\t\t\t<div class=\"e-con-inner\">\n\t\t\t\t<div class=\"elementor-element elementor-element-6a1a2d1 elementor-widget elementor-widget-heading\" data-id=\"6a1a2d1\" data-element_type=\"widget\" data-e-type=\"widget\" data-widget_type=\"heading.default\">\n\t\t\t\t<div class=\"elementor-widget-container\">\n\t\t\t\t\t<h2 class=\"elementor-heading-title elementor-size-default\">Nuestro Proyecto<\/h2>\t\t\t\t<\/div>\n\t\t\t\t<\/div>\n\t\t\t\t\t<\/div>\n\t\t\t\t<\/div>\n\t\t<div class=\"elementor-element elementor-element-0eac99c e-flex e-con-boxed e-con e-parent\" data-id=\"0eac99c\" data-element_type=\"container\" data-e-type=\"container\" data-settings=\"{&quot;shape_divider_bottom&quot;:&quot;tilt&quot;}\">\n\t\t\t\t\t<div class=\"e-con-inner\">\n\t\t\t\t<div class=\"elementor-shape elementor-shape-bottom\" aria-hidden=\"true\" data-negative=\"false\">\n\t\t\t<svg xmlns=\"http:\/\/www.w3.org\/2000\/svg\" viewBox=\"0 0 1000 100\" preserveAspectRatio=\"none\">\n\t<path class=\"elementor-shape-fill\" d=\"M0,6V0h1000v100L0,6z\"\/>\n<\/svg>\t\t<\/div>\n\t\t<div class=\"elementor-element elementor-element-0fca104 e-con-full e-flex e-con e-child\" data-id=\"0fca104\" data-element_type=\"container\" data-e-type=\"container\">\n\t\t\t\t<div class=\"elementor-element elementor-element-286127c elementor-widget elementor-widget-text-editor\" data-id=\"286127c\" data-element_type=\"widget\" data-e-type=\"widget\" data-widget_type=\"text-editor.default\">\n\t\t\t\t<div class=\"elementor-widget-container\">\n\t\t\t\t\t\t\t\t\t<p>El Proyecto BRIDGES es una iniciativa innovadora destinada a mejorar las competencias y la empleabilidad de los j\u00f3venes a trav\u00e9s de programas de Educaci\u00f3n y Formaci\u00f3n Profesional (EFP) innovadores. Centrado en el sector tur\u00edstico, BRIDGES introduce Programas de Preaprendizaje (PaPs) adaptados, que ofrecen formaci\u00f3n pr\u00e1ctica y dotan a los participantes de habilidades relevantes para la industria. <\/p>\t\t\t\t\t\t\t\t<\/div>\n\t\t\t\t<\/div>\n\t\t\t\t<\/div>\n\t\t<div class=\"elementor-element elementor-element-bb3d217 e-con-full e-flex e-con e-child\" data-id=\"bb3d217\" data-element_type=\"container\" data-e-type=\"container\">\n\t\t\t\t<div class=\"elementor-element elementor-element-6c5f01f animated-slow elementor-invisible elementor-widget elementor-widget-image\" data-id=\"6c5f01f\" data-element_type=\"widget\" data-e-type=\"widget\" data-settings=\"{&quot;_animation&quot;:&quot;fadeIn&quot;,&quot;_animation_delay&quot;:0}\" data-widget_type=\"image.default\">\n\t\t\t\t<div class=\"elementor-widget-container\">\n\t\t\t\t\t\t\t\t\t\t\t\t\t\t\t<img fetchpriority=\"high\" decoding=\"async\" width=\"391\" height=\"180\" src=\"https:\/\/bridges.projectlibrary.eu\/wp-content\/uploads\/2024\/06\/Bridges_logo_color.png\" class=\"attachment-large size-large wp-image-1840\" alt=\"\" srcset=\"https:\/\/bridges.projectlibrary.eu\/wp-content\/uploads\/2024\/06\/Bridges_logo_color.png 391w, https:\/\/bridges.projectlibrary.eu\/wp-content\/uploads\/2024\/06\/Bridges_logo_color-300x138.png 300w\" sizes=\"(max-width: 391px) 100vw, 391px\" \/>\t\t\t\t\t\t\t\t\t\t\t\t\t\t\t<\/div>\n\t\t\t\t<\/div>\n\t\t\t\t<\/div>\n\t\t<div class=\"elementor-element elementor-element-386f81d e-con-full e-flex e-con e-child\" data-id=\"386f81d\" data-element_type=\"container\" data-e-type=\"container\">\n\t\t\t\t<div class=\"elementor-element elementor-element-1c2f11c elementor-widget elementor-widget-text-editor\" data-id=\"1c2f11c\" data-element_type=\"widget\" data-e-type=\"widget\" data-widget_type=\"text-editor.default\">\n\t\t\t\t<div class=\"elementor-widget-container\">\n\t\t\t\t\t\t\t\t\t<p>Al involucrar a empleadores y colaborar con proveedores de EFP, BRIDGES garantiza que la educaci\u00f3n y la formaci\u00f3n est\u00e9n directamente alineadas con las necesidades del mercado laboral. El proyecto tambi\u00e9n invierte en la capacitaci\u00f3n de educadores, empoder\u00e1ndolos para ofrecer experiencias de aprendizaje pr\u00e1ctico y de alta calidad. Con un enfoque en fortalecer los v\u00ednculos entre la educaci\u00f3n y el mundo laboral, BRIDGES apoya la creaci\u00f3n de oportunidades profesionales sostenibles para los j\u00f3venes.  <\/p><p>A trav\u00e9s de la colaboraci\u00f3n internacional en seis pa\u00edses, BRIDGES fomenta el intercambio global de aprendizajes, comparte buenas pr\u00e1cticas en educaci\u00f3n profesional y mejora la capacidad de los sistemas de EFP a nivel mundial.<\/p>\t\t\t\t\t\t\t\t<\/div>\n\t\t\t\t<\/div>\n\t\t\t\t<\/div>\n\t\t\t\t\t<\/div>\n\t\t\t\t<\/div>\n\t\t<div class=\"elementor-element elementor-element-309a52a e-flex e-con-boxed e-con e-parent\" data-id=\"309a52a\" data-element_type=\"container\" data-e-type=\"container\" data-settings=\"{&quot;background_background&quot;:&quot;classic&quot;,&quot;shape_divider_bottom&quot;:&quot;tilt&quot;}\">\n\t\t\t\t\t<div class=\"e-con-inner\">\n\t\t\t\t<div class=\"elementor-shape elementor-shape-bottom\" aria-hidden=\"true\" data-negative=\"false\">\n\t\t\t<svg xmlns=\"http:\/\/www.w3.org\/2000\/svg\" viewBox=\"0 0 1000 100\" preserveAspectRatio=\"none\">\n\t<path class=\"elementor-shape-fill\" d=\"M0,6V0h1000v100L0,6z\"\/>\n<\/svg>\t\t<\/div>\n\t\t<div class=\"elementor-element elementor-element-804e3c9 e-con-full e-flex e-con e-child\" data-id=\"804e3c9\" data-element_type=\"container\" data-e-type=\"container\">\n\t\t\t\t<div class=\"elementor-element elementor-element-5a6f8e3 animated-slow elementor-invisible elementor-widget elementor-widget-image\" data-id=\"5a6f8e3\" data-element_type=\"widget\" data-e-type=\"widget\" data-settings=\"{&quot;_animation&quot;:&quot;fadeIn&quot;,&quot;_animation_delay&quot;:150}\" data-widget_type=\"image.default\">\n\t\t\t\t<div class=\"elementor-widget-container\">\n\t\t\t\t\t\t\t\t\t\t\t\t\t\t\t<img decoding=\"async\" width=\"977\" height=\"1024\" src=\"https:\/\/bridges.projectlibrary.eu\/wp-content\/uploads\/2024\/06\/Mapa-ARG-BOL-MEX-977x1024.png\" class=\"attachment-large size-large wp-image-1852\" alt=\"\" srcset=\"https:\/\/bridges.projectlibrary.eu\/wp-content\/uploads\/2024\/06\/Mapa-ARG-BOL-MEX-977x1024.png 977w, https:\/\/bridges.projectlibrary.eu\/wp-content\/uploads\/2024\/06\/Mapa-ARG-BOL-MEX-286x300.png 286w, https:\/\/bridges.projectlibrary.eu\/wp-content\/uploads\/2024\/06\/Mapa-ARG-BOL-MEX-768x805.png 768w, https:\/\/bridges.projectlibrary.eu\/wp-content\/uploads\/2024\/06\/Mapa-ARG-BOL-MEX.png 1245w\" sizes=\"(max-width: 977px) 100vw, 977px\" \/>\t\t\t\t\t\t\t\t\t\t\t\t\t\t\t<\/div>\n\t\t\t\t<\/div>\n\t\t\t\t<\/div>\n\t\t<div class=\"elementor-element elementor-element-2a44053 e-con-full e-flex e-con e-child\" data-id=\"2a44053\" data-element_type=\"container\" data-e-type=\"container\">\n\t\t\t\t<div class=\"elementor-element elementor-element-734349f elementor-widget elementor-widget-heading\" data-id=\"734349f\" data-element_type=\"widget\" data-e-type=\"widget\" data-widget_type=\"heading.default\">\n\t\t\t\t<div class=\"elementor-widget-container\">\n\t\t\t\t\t<h3 class=\"elementor-heading-title elementor-size-default\">Aspectos Clave del Proyecto BRIDGES Incluyen:<\/h3>\t\t\t\t<\/div>\n\t\t\t\t<\/div>\n\t\t\t\t<div class=\"elementor-element elementor-element-f039687 elementor-widget elementor-widget-text-editor\" data-id=\"f039687\" data-element_type=\"widget\" data-e-type=\"widget\" data-widget_type=\"text-editor.default\">\n\t\t\t\t<div class=\"elementor-widget-container\">\n\t\t\t\t\t\t\t\t\t<p><strong>Programas de Preaprendizaje Innovadores:<\/strong><br>Adaptados al sector tur\u00edstico, estos programas ofrecen formaci\u00f3n pr\u00e1ctica a los estudiantes de EFP, dot\u00e1ndolos de habilidades relevantes para la industria y mejorando as\u00ed su empleabilidad.<\/p><p><strong>Participaci\u00f3n de Empleadores:<\/strong><br>Involucrando al menos a 20 empleadores del sector tur\u00edstico para co-dise\u00f1ar e implementar programas de aprendizaje, garantizando el acceso a una fuerza laboral capacitada y preparada para el empleo.<\/p><p><strong>Desarrollo de Capacidades para Formadores:<\/strong><br>Formaci\u00f3n de 50 educadores para ofrecer experiencias de aprendizaje de alta calidad, mejorando tanto la formaci\u00f3n en la empresa como en las instituciones educativas.<\/p><p><strong>Strengthening VET-Labor Market Links:<\/strong><br>Capacitaci\u00f3n de 50 educadores para ofrecer experiencias de aprendizaje de alta calidad, mejorando tanto la formaci\u00f3n en las empresas como en las instituciones educativas.<\/p><p><strong>Aprendizaje en el Mundo Real:<\/strong><br>Combinando el conocimiento te\u00f3rico con la experiencia pr\u00e1ctica a trav\u00e9s de la participaci\u00f3n de los empleadores, garantizando que los estudiantes adquieran habilidades pr\u00e1cticas<\/p><p><strong>Desarrollo Sostenible de la Fuerza Laboral:<\/strong><br>Apoyando oportunidades profesionales a largo plazo mediante la preparaci\u00f3n de los j\u00f3venes para desempe\u00f1ar roles sostenibles en la industria tur\u00edstica.<\/p><p><strong>Colaboraci\u00f3n Global:<\/strong><br>Estableciendo alianzas con organizaciones de Grecia, Italia, Espa\u00f1a, M\u00e9xico, Bolivia y Argentina para compartir buenas pr\u00e1cticas y promover el aprendizaje internacional.<\/p>\t\t\t\t\t\t\t\t<\/div>\n\t\t\t\t<\/div>\n\t\t\t\t<div class=\"elementor-element elementor-element-a25c2bb elementor-widget elementor-widget-text-editor\" data-id=\"a25c2bb\" data-element_type=\"widget\" data-e-type=\"widget\" data-widget_type=\"text-editor.default\">\n\t\t\t\t<div class=\"elementor-widget-container\">\n\t\t\t\t\t\t\t\t\t<p>BRIDGES visualiza un futuro en el que la educaci\u00f3n y formaci\u00f3n profesional se convierta en un catalizador clave para la innovaci\u00f3n y el crecimiento en el sector tur\u00edstico, aumentando significativamente las oportunidades para los j\u00f3venes y contribuyendo al desarrollo integral de la industria.<\/p>\t\t\t\t\t\t\t\t<\/div>\n\t\t\t\t<\/div>\n\t\t\t\t<\/div>\n\t\t\t\t\t<\/div>\n\t\t\t\t<\/div>\n\t\t<div class=\"elementor-element elementor-element-93585d4 e-flex e-con-boxed e-con e-parent\" data-id=\"93585d4\" data-element_type=\"container\" data-e-type=\"container\">\n\t\t\t\t\t<div class=\"e-con-inner\">\n\t\t<div class=\"elementor-element elementor-element-2dfb9ee e-con-full e-flex e-con e-child\" data-id=\"2dfb9ee\" data-element_type=\"container\" data-e-type=\"container\">\n\t\t\t\t<div class=\"elementor-element elementor-element-9cb2e3c elementor-widget elementor-widget-heading\" data-id=\"9cb2e3c\" data-element_type=\"widget\" data-e-type=\"widget\" data-widget_type=\"heading.default\">\n\t\t\t\t<div class=\"elementor-widget-container\">\n\t\t\t\t\t<h3 class=\"elementor-heading-title elementor-size-default\">Los participantes en el proyecto BRIDGES son:<\/h3>\t\t\t\t<\/div>\n\t\t\t\t<\/div>\n\t\t\t\t<div class=\"elementor-element elementor-element-e697d40 elementor-widget elementor-widget-text-editor\" data-id=\"e697d40\" data-element_type=\"widget\" data-e-type=\"widget\" data-widget_type=\"text-editor.default\">\n\t\t\t\t<div class=\"elementor-widget-container\">\n\t\t\t\t\t\t\t\t\t<ul><li><strong>Estudiantes de Formaci\u00f3n Profesional<\/strong> en el sector tur\u00edstico, que buscan adquirir habilidades pr\u00e1cticas y formaci\u00f3n relevante para la industria con el fin de mejorar su empleabilidad.<\/li><li><strong>Employers<\/strong> del sector tur\u00edstico, involucrados en el dise\u00f1o y la implementaci\u00f3n de programas de aprendizaje que responden a las necesidades del mercado laboral.<\/li><li><strong>Formadores y educadores<\/strong> de instituciones y empresas de Formaci\u00f3n Profesional, responsables de impartir una formaci\u00f3n pr\u00e1ctica y de alta calidad.<\/li><li><strong>Formadores y educadores<\/strong> de instituciones y empresas de Formaci\u00f3n Profesional, encargados de proporcionar una formaci\u00f3n pr\u00e1ctica y de alta calidad.<\/li><li><strong style=\"font-size: 16px;\">Responsables pol\u00edticos y partes interesadas<\/strong><span style=\"font-size: 16px;\"> en la formaci\u00f3n profesional, que velan por la alineaci\u00f3n de los programas educativos con las necesidades del mercado laboral.<\/span><\/li><\/ul>\t\t\t\t\t\t\t\t<\/div>\n\t\t\t\t<\/div>\n\t\t\t\t<\/div>\n\t\t\t\t<div class=\"elementor-element elementor-element-fcb4c4f elementor-widget elementor-widget-spacer\" data-id=\"fcb4c4f\" data-element_type=\"widget\" data-e-type=\"widget\" data-widget_type=\"spacer.default\">\n\t\t\t\t<div class=\"elementor-widget-container\">\n\t\t\t\t\t\t\t<div class=\"elementor-spacer\">\n\t\t\t<div class=\"elementor-spacer-inner\"><\/div>\n\t\t<\/div>\n\t\t\t\t\t\t<\/div>\n\t\t\t\t<\/div>\n\t\t<div class=\"elementor-element elementor-element-8bb85c6 e-con-full e-flex e-con e-child\" data-id=\"8bb85c6\" data-element_type=\"container\" data-e-type=\"container\">\n\t\t\t\t<div class=\"elementor-element elementor-element-ec29c1b animated-slow elementor-invisible elementor-widget elementor-widget-image\" data-id=\"ec29c1b\" data-element_type=\"widget\" data-e-type=\"widget\" data-settings=\"{&quot;_animation&quot;:&quot;fadeIn&quot;,&quot;_animation_delay&quot;:150}\" data-widget_type=\"image.default\">\n\t\t\t\t<div class=\"elementor-widget-container\">\n\t\t\t\t\t\t\t\t\t\t\t\t\t\t\t<img decoding=\"async\" width=\"640\" height=\"427\" src=\"https:\/\/bridges.projectlibrary.eu\/wp-content\/uploads\/2024\/06\/05402a60-22aa-11ee-a7ff-c68ea0e1c356.png\" class=\"attachment-large size-large wp-image-1861\" alt=\"\" srcset=\"https:\/\/bridges.projectlibrary.eu\/wp-content\/uploads\/2024\/06\/05402a60-22aa-11ee-a7ff-c68ea0e1c356.png 640w, https:\/\/bridges.projectlibrary.eu\/wp-content\/uploads\/2024\/06\/05402a60-22aa-11ee-a7ff-c68ea0e1c356-300x200.png 300w\" sizes=\"(max-width: 640px) 100vw, 640px\" \/>\t\t\t\t\t\t\t\t\t\t\t\t\t\t\t<\/div>\n\t\t\t\t<\/div>\n\t\t\t\t<\/div>\n\t\t\t\t\t<\/div>\n\t\t\t\t<\/div>\n\t\t\t\t<\/div>\n\t\t","protected":false},"excerpt":{"rendered":"<p>Nuestro Proyecto El Proyecto BRIDGES es una iniciativa innovadora destinada a mejorar las competencias y la empleabilidad de los j\u00f3venes a trav\u00e9s de programas de Educaci\u00f3n y Formaci\u00f3n Profesional (EFP) innovadores. Centrado en el sector tur\u00edstico, BRIDGES introduce Programas de Preaprendizaje (PaPs) adaptados, que ofrecen formaci\u00f3n pr\u00e1ctica y dotan a los participantes de habilidades relevantes [&hellip;]<\/p>\n","protected":false},"author":1,"featured_media":0,"parent":0,"menu_order":0,"comment_status":"closed","ping_status":"closed","template":"","meta":{"site-sidebar-layout":"no-sidebar","site-content-layout":"page-builder","ast-site-content-layout":"full-width-container","site-content-style":"default","site-sidebar-style":"default","ast-global-header-display":"","ast-banner-title-visibility":"","ast-main-header-display":"","ast-hfb-above-header-display":"","ast-hfb-below-header-display":"","ast-hfb-mobile-header-display":"","site-post-title":"disabled","ast-breadcrumbs-content":"","ast-featured-img":"disabled","footer-sml-layout":"","ast-disable-related-posts":"","theme-transparent-header-meta":"","adv-header-id-meta":"","stick-header-meta":"","header-above-stick-meta":"","header-main-stick-meta":"","header-below-stick-meta":"","astra-migrate-meta-layouts":"default","ast-page-background-enabled":"default","ast-page-background-meta":{"desktop":{"background-color":"","background-image":"","background-repeat":"repeat","background-position":"center center","background-size":"auto","background-attachment":"scroll","background-type":"","background-media":"","overlay-type":"","overlay-color":"","overlay-opacity":"","overlay-gradient":""},"tablet":{"background-color":"","background-image":"","background-repeat":"repeat","background-position":"center center","background-size":"auto","background-attachment":"scroll","background-type":"","background-media":"","overlay-type":"","overlay-color":"","overlay-opacity":"","overlay-gradient":""},"mobile":{"background-color":"","background-image":"","background-repeat":"repeat","background-position":"center center","background-size":"auto","background-attachment":"scroll","background-type":"","background-media":"","overlay-type":"","overlay-color":"","overlay-opacity":"","overlay-gradient":""}},"ast-content-background-meta":{"desktop":{"background-color":"var(--ast-global-color-5)","background-image":"","background-repeat":"repeat","background-position":"center center","background-size":"auto","background-attachment":"scroll","background-type":"","background-media":"","overlay-type":"","overlay-color":"","overlay-opacity":"","overlay-gradient":""},"tablet":{"background-color":"var(--ast-global-color-5)","background-image":"","background-repeat":"repeat","background-position":"center center","background-size":"auto","background-attachment":"scroll","background-type":"","background-media":"","overlay-type":"","overlay-color":"","overlay-opacity":"","overlay-gradient":""},"mobile":{"background-color":"var(--ast-global-color-5)","background-image":"","background-repeat":"repeat","background-position":"center center","background-size":"auto","background-attachment":"scroll","background-type":"","background-media":"","overlay-type":"","overlay-color":"","overlay-opacity":"","overlay-gradient":""}},"footnotes":""},"class_list":["post-2000","page","type-page","status-publish","hentry"],"_links":{"self":[{"href":"https:\/\/bridges.projectlibrary.eu\/es\/wp-json\/wp\/v2\/pages\/2000","targetHints":{"allow":["GET"]}}],"collection":[{"href":"https:\/\/bridges.projectlibrary.eu\/es\/wp-json\/wp\/v2\/pages"}],"about":[{"href":"https:\/\/bridges.projectlibrary.eu\/es\/wp-json\/wp\/v2\/types\/page"}],"author":[{"embeddable":true,"href":"https:\/\/bridges.projectlibrary.eu\/es\/wp-json\/wp\/v2\/users\/1"}],"replies":[{"embeddable":true,"href":"https:\/\/bridges.projectlibrary.eu\/es\/wp-json\/wp\/v2\/comments?post=2000"}],"version-history":[{"count":1,"href":"https:\/\/bridges.projectlibrary.eu\/es\/wp-json\/wp\/v2\/pages\/2000\/revisions"}],"predecessor-version":[{"id":2001,"href":"https:\/\/bridges.projectlibrary.eu\/es\/wp-json\/wp\/v2\/pages\/2000\/revisions\/2001"}],"wp:attachment":[{"href":"https:\/\/bridges.projectlibrary.eu\/es\/wp-json\/wp\/v2\/media?parent=2000"}],"curies":[{"name":"wp","href":"https:\/\/api.w.org\/{rel}","templated":true}]}}